{"id":1958,"date":"2022-12-01T12:13:23","date_gmt":"2022-12-01T12:13:23","guid":{"rendered":"http:\/\/construccioneszaybu.com\/?page_id=1958"},"modified":"2022-12-01T12:30:07","modified_gmt":"2022-12-01T12:30:07","slug":"aviso-legal","status":"publish","type":"page","link":"https:\/\/construccioneszaybu.com\/en\/aviso-legal\/","title":{"rendered":"Legal warning"},"content":{"rendered":"<div data-elementor-type=\"wp-page\" data-elementor-id=\"1958\" class=\"elementor elementor-1958\">\n\t\t\t\t\t\t<section class=\"elementor-section elementor-top-section elementor-element elementor-element-3582fc1 elementor-section-boxed elementor-section-height-default elementor-section-height-default\" data-id=\"3582fc1\" data-element_type=\"section\">\n\t\t\t\t\t\t<div class=\"elementor-container elementor-column-gap-default\">\n\t\t\t\t\t<div class=\"elementor-column elementor-col-100 elementor-top-column elementor-element elementor-element-fc7d5fe\" data-id=\"fc7d5fe\" data-element_type=\"column\">\n\t\t\t<div class=\"elementor-widget-wrap elementor-element-populated\">\n\t\t\t\t\t\t<div class=\"elementor-element elementor-element-56cb971 elementor-widget elementor-widget-heading\" data-id=\"56cb971\" data-element_type=\"widget\" data-widget_type=\"heading.default\">\n\t\t\t\t<div class=\"elementor-widget-container\">\n\t\t\t<h2 class=\"elementor-heading-title elementor-size-default\">AVISO LEGAL<\/h2>\t\t<\/div>\n\t\t\t\t<\/div>\n\t\t\t\t<div class=\"elementor-element elementor-element-0656d65 elementor-widget-divider--view-line elementor-widget elementor-widget-divider\" data-id=\"0656d65\" data-element_type=\"widget\" data-widget_type=\"divider.default\">\n\t\t\t\t<div class=\"elementor-widget-container\">\n\t\t\t\t\t<div class=\"elementor-divider\">\n\t\t\t<span class=\"elementor-divider-separator\">\n\t\t\t\t\t\t<\/span>\n\t\t<\/div>\n\t\t\t\t<\/div>\n\t\t\t\t<\/div>\n\t\t\t\t\t<\/div>\n\t\t<\/div>\n\t\t\t\t\t<\/div>\n\t\t<\/section>\n\t\t\t\t<section class=\"elementor-section elementor-top-section elementor-element elementor-element-379ff62 elementor-section-boxed elementor-section-height-default elementor-section-height-default\" data-id=\"379ff62\" data-element_type=\"section\">\n\t\t\t\t\t\t<div class=\"elementor-container elementor-column-gap-default\">\n\t\t\t\t\t<div class=\"elementor-column elementor-col-100 elementor-top-column elementor-element elementor-element-340a740\" data-id=\"340a740\" data-element_type=\"column\">\n\t\t\t<div class=\"elementor-widget-wrap elementor-element-populated\">\n\t\t\t\t\t\t<div class=\"elementor-element elementor-element-a92ccea elementor-widget elementor-widget-text-editor\" data-id=\"a92ccea\" data-element_type=\"widget\" data-widget_type=\"text-editor.default\">\n\t\t\t\t<div class=\"elementor-widget-container\">\n\t\t\t\t\t\t\t<h5><strong>Objeto<\/strong><\/h5>\n<p><span style=\"font-weight: 400;\">1.1. Las presentes condiciones legales regulan el uso y las condiciones de acceso del sitio web <strong>www.construccioneszaybu.com<\/strong> de ahora en adelante nombrando como <strong>Construcciones zaybu<\/strong>.&nbsp;<\/span><\/p>\n<p><span style=\"font-weight: 400;\">1.2. El uso o el acceso a este sitio implica que usted (en adelante [Usuario]) reconoce haber le\u00eddo y comprendido las presentes condiciones legales de uso, y acuerda cumplirlas en su totalidad.&nbsp;<\/span><\/p>\n<p><span style=\"font-weight: 400;\">1.3. Si usted como usuario no est\u00e1 de acuerdo con alguna de las presentes condiciones deber\u00e1 dejar de acceder a este sitio.<\/span><\/p>\n<h5><strong>Propiedad del sitio.<\/strong><\/h5>\n<p><span style=\"font-weight: 400;\">2.1. En conformidad con la Ley 34\/2002, de 11 de julio y dem\u00e1s legislaci\u00f3n aplicable le informamos que Jos\u00e9 Manuel Zaragoza con <\/span>CIF&nbsp;B67724245<span style=\"font-weight: 400;\">, es propietario de este sitio web&nbsp;<strong>www.construccioneszaybu.com<\/strong> de ahora en adelante nombrado <\/span><strong>ZAYBU CONSTRUCCIONES Y RESTAURACIONES S.L.<\/strong><\/p>\n<p><span style=\"font-weight: 400;\">.<\/span><span style=\"font-weight: 400;\">2.2. El propietario tiene su domicilio social en Sevilla.&nbsp;<\/span><\/p>\n<p><span style=\"font-weight: 400;\">2.3. Puede contactar con&nbsp;<\/span><strong>ZAYBU CONSTRUCCIONES Y RESTAURACIONES S.L.<\/strong><span style=\"font-weight: 400;\"><strong>&nbsp;<\/strong>en el n\u00famero de tel\u00e9fono 675 15 14 82 o en la direcci\u00f3n de correo electr\u00f3nico <a href=\"mailto:info@zaybureformas.es\" target=\"_blank\" rel=\"noopener\">info@zaybureformas.es<\/a>.<\/span><\/p>\n<p><span style=\"font-weight: 400;\">2.4. Salvo que expresamente se establezca de otro modo, las comunicaciones con <strong>Construcciones zaybu<\/strong> se podr\u00e1n realizar mediante correo ordinario en la direcci\u00f3n f\u00edsica o mediante correo electr\u00f3nico. La compa\u00f1\u00eda se pondr\u00e1 en contacto con el Usuario v\u00eda correo electr\u00f3nico, en la direcci\u00f3n que obre en su poder o le sea facilitada al respecto.<\/span><\/p>\n<h5><strong>Funcionamiento del sitio.<\/strong><\/h5>\n<p><span style=\"font-weight: 400;\">3.1.<strong>Construcciones Zaybu<\/strong> se reserva el derecho a modificar, en cualquier momento, unilateralmente y sin necesidad de previa notificaci\u00f3n a sus usuarios, los contenidos, la estructura, el funcionamiento o las condiciones de acceso de este sitio.&nbsp;<\/span><\/p>\n<p><span style=\"font-weight: 400;\">3.2. No obstante, los usuarios del sitio son conscientes y aceptan que parte de la informaci\u00f3n contenida en \u00e9l podr\u00eda ser incorrecta, estar incompleta o anticuada, o contener errores tipogr\u00e1ficos. <strong>Construcciones Zaybu<\/strong> no est\u00e1 obligada a actualizar el contenido de este sitio y no ser\u00e1 responsable de la no actualizaci\u00f3n de la informaci\u00f3n. Es de exclusiva responsabilidad del usuario evaluar la exactitud y\/o utilidad de cualquier informaci\u00f3n, consejo, opini\u00f3n, o cualquier otro contenido disponible a trav\u00e9s de este sitio.&nbsp;<\/span><\/p>\n<p><span style=\"font-weight: 400;\">3.3. As\u00ed mismo <strong>Construcciones Zaybu<\/strong> se reserva el derecho a suspender temporalmente, sin&nbsp; necesidad de previo aviso, el acceso a este sitio para realizar operaciones de mantenimiento, actualizaci\u00f3n, mejora o de reparaci\u00f3n.&nbsp;<\/span><\/p>\n<p><span style=\"font-weight: 400;\">3.4. Est\u00e1 prohibido que el usuario utilice este sitio web para el env\u00edo, la transmisi\u00f3n o la publicaci\u00f3n de cualquier material ilegal, amenazante, calumnioso, difamatorio, propagand\u00edstico, escandaloso, obsceno, pornogr\u00e1fico, o responsabilidades civiles o penales conforme a la legislaci\u00f3n aplicable, hechos \u00e9stos de los que en cualquier caso ser\u00e1 responsable el usuario.&nbsp;<\/span><\/p>\n<p><span style=\"font-weight: 400;\">3.5. Con car\u00e1cter general s\u00f3lo podr\u00e1n usar este sitio las personas f\u00edsicas y jur\u00eddicas con capacidad jur\u00eddica suficiente de acuerdo con la legislaci\u00f3n aplicable. De modo excepcional podr\u00e1n usar el sitio menores de edad que hayan obtenido previamente la autorizaci\u00f3n de sus padres o tutores legales, los cuales ser\u00e1n responsables del uso que el menor a su cargo haga del sitio.&nbsp;<\/span><\/p>\n<h5><span style=\"font-weight: 400;\"><strong>Comportamiento de los usuarios. Prohibiciones.<\/strong>&nbsp;<\/span><\/h5>\n<p><span style=\"font-weight: 400;\">4.1. La compa\u00f1\u00eda no asume ning\u00fan deber o compromiso de verificar ni de vigilar los contenidos e informaciones introducidos por los usuarios.&nbsp;<\/span><\/p>\n<p><span style=\"font-weight: 400;\">4.2. El usuario se compromete a utilizar el sitio web y todo su contenido y servicios de un modo diligente, siempre con sujeci\u00f3n a la Ley, a las buenas costumbres, y a las presentes condiciones generales, manteniendo siempre respeto hacia los dem\u00e1s usuarios.&nbsp;<\/span><\/p>\n<p><span style=\"font-weight: 400;\">4.3. Asimismo, el usuario se compromete a hacer un uso adecuado de los materiales e informaciones contenidos en el sitio web, no emple\u00e1ndolos para realizar actividades il\u00edcitas o constitutivas de delito, que atenten contra los derechos de terceros, o que infrinjan la regulaci\u00f3n sobre propiedad intelectual o industrial, o cualesquiera otras normas del ordenamiento jur\u00eddico aplicable, siendo el \u00fanico responsable frente a <strong>Construcciones Zaybu<\/strong> y a terceros por el incumplimiento de lo aqu\u00ed establecido.&nbsp;<\/span><\/p>\n<p><span style=\"font-weight: 400;\">4.4. El usuario se compromete a no trasmitir, introducir, difundir o poner a sus disposici\u00f3n a terceros, cualquier tipo de material e informaci\u00f3n contrarios a la Ley, a lo moral, al orden p\u00fablico y a las presentes condiciones generales de uso.&nbsp;<\/span><\/p>\n<p><span style=\"font-weight: 400;\">4.5. En todo caso, el usuario habr\u00e1 de apostar siempre una informaci\u00f3n veraz que no pueda llevar a ning\u00fan tipo de confusi\u00f3n, as\u00ed como datos identificativos correctos, y nunca suplantando a terceros o en nombre de \u00e9stos.&nbsp;<\/span><\/p>\n<p><span style=\"font-weight: 400;\">4.6. En relaci\u00f3n a la infracci\u00f3n de cualquier irregularidad, recuerde que la direcci\u00f3n IP de su ordenador queda registrada por el simple acceso a nuestro sitio web.&nbsp;<\/span><\/p>\n<h5><strong>Zonas protegidas del sitio web.<\/strong><\/h5>\n<p><span style=\"font-weight: 400;\">5.1. Generalmente para el acceso a los servicios de <\/span><span style=\"font-weight: 400;\"><b>Construcciones Zaybu <\/b>no ser\u00e1 necesario la suscripci\u00f3n o registro del usuario.&nbsp;<\/span><\/p>\n<p><span style=\"font-weight: 400;\">5.2. La utilizaci\u00f3n de determinados servicios podr\u00e1 estar condicionada a la previa obtenci\u00f3n de una cuenta personal mediante el registro del usuario. Este registro se efectuar\u00e1 en la forma expresamente se\u00f1alada en el sitio web.<\/span><\/p>\n<p><span style=\"font-weight: 400;\">5.3. Este sitio puede contener zonas de acceso restringido, protegidas por identificadores y contrase\u00f1as u otros mecanismos de seguridad. El usuario no intentar\u00e1 acceder a estas zonas de acceso restringido si no est\u00e1 debidamente autorizado por <strong>Construcciones Zaybu<\/strong>, ni intentar\u00e1 soslayar a manipular los mecanismos de protecci\u00f3n establecidos por ella.<\/span><\/p>\n<p><span style=\"font-weight: 400;\">5.4. El usuario que haya sido autorizado por <strong>Construcciones Zaybu<\/strong> para acceder a alguna de estas zonas protegidas ser\u00e1 el exclusivo responsable de mantener en estricto secreto, y no divulgar a terceros, los identificadores, contrase\u00f1as y dem\u00e1s m\u00e9todos de seguridad que <strong>Construcciones Zaybu<\/strong> ponga a su disposici\u00f3n para acceder a las zonas protegidas. El usuario ser\u00e1 por tanto el \u00fanico responsable de los da\u00f1os que se deriven de no mantener en secreto los mecanismos de seguridad mencionados.&nbsp;<\/span><\/p>\n<h5><strong>Propiedad intelectual e industrial.&nbsp;<\/strong><\/h5>\n<p><span style=\"font-weight: 400;\">6.1. Todos los contenidos del sitio, incluyendo, a t\u00edtulo enunciativo y no limitativo, las marcas comerciales, logotipos, gr\u00e1ficos, im\u00e1genes, archivos de sonido y v\u00eddeos software, c\u00f3digo de programaci\u00f3n, textos, iconos, y los nombres que identifican servicios (en adelante [los materiales]) son propiedad de<\/span><span style=\"font-weight: 400;\"><b> construcciones Zaybu<\/b>&nbsp;y est\u00e1n protegidos por la legislaci\u00f3n vigente en materia de derechos de propiedad intelectual e industrial.&nbsp;<\/span><\/p>\n<p><span style=\"font-weight: 400;\">6.2. El acceso del usuario a este sitio no implica ning\u00fan tipo de renuncia, transmisi\u00f3n ni cesi\u00f3n, total o parcial, de dichos derechos de propiedad, por esta raz\u00f3n, el acceso a estos contenidos o elementos no otorga, bajo ning\u00fan concepto, al usuario la posibilidad de su copia, venta, modificaci\u00f3n, reproducci\u00f3n, publicaci\u00f3n, cesi\u00f3n, transmisi\u00f3n o creaci\u00f3n de nuevos productos o servicios derivados de la informaci\u00f3n y elementos aqu\u00ed contenidos.&nbsp;<\/span><\/p>\n<p><span style=\"font-weight: 400;\">6.3. Es por ello que el usuario de este sitio no podr\u00e1, salvo autorizaci\u00f3n expresa y por escrito de <\/span><strong>ZAYBU CONSTRUCCIONES Y RESTAURACIONES S.L.<\/strong><span style=\"font-weight: 400;\">, copiar, distribuir, descargar, modificar, suprimir, borrar, alterar, publicar, transmitir, o aprovecharse de cualquier forma de los materiales que contiene.&nbsp;<\/span><\/p>\n<p><span style=\"font-weight: 400;\">6.4. El usuario no adquiere derechos o licencia en relaci\u00f3n con el servicio ni los elementos en el mismo, excepto a derecho limitado a utilizar el servicio de acuerdo con las condiciones aplicables. \u00fanicamente podr\u00e1 utilizar los contenidos o elementos a los que acceda a trav\u00e9s de los servicios de <\/span><strong>ZAYBU CONSTRUCCIONES Y RESTAURACIONES S.L. <\/strong><span style=\"font-weight: 400;\">para su propio uso de necesidades, oblig\u00e1ndose a no realizar ni directa, ni indirectamente una explotaci\u00f3n comercial, ni de los servicios, ni de los materiales, elementos, o informaci\u00f3n obtenidos a trav\u00e9s de los mismos.&nbsp;<\/span><\/p>\n<h5><strong>Protecci\u00f3n de Datos y pol\u00edtica de privacidad.&nbsp;<\/strong><\/h5>\n<p><span style=\"font-weight: 400;\">7.1. De acuerdo con lo establecido en la legislaci\u00f3n vigente en materia de protecci\u00f3n de datos de car\u00e1cter personal, <strong>Construcciones Zaybu<\/strong>&nbsp;informa al usuario de la existencia de una base de datos de car\u00e1cter personal que contiene los datos de los usuarios introducen en el sitio. <strong>Construcciones Zaybu<\/strong> es responsable de esta base de datos.&nbsp;<\/span><\/p>\n<p><span style=\"font-weight: 400;\">7.2. El usuario y titular de los datos queda informado, y presta su consentimiento inequ\u00edvoco, de que mediante la cumplimentaci\u00f3n de los diversos formularios sus datos personales quedar\u00e1n incorporados a los ficheros automatizados de <strong>Construcciones Zaybu<\/strong>, con el fin de poderle prestar y ofrecer nuestros servicios as\u00ed como mantener informado al usuario sobre los productos ofertados.&nbsp;<\/span><\/p>\n<p><span style=\"font-weight: 400;\">7.3. El <\/span><strong>ZAYBU CONSTRUCCIONES Y RESTAURACIONES S.L.&nbsp;<\/strong><span style=\"font-weight: 400;\">se compromete al cumplimiento de su obligaci\u00f3n de secreto con respecto a los datos de car\u00e1cter personal y al deber de tratarlos con confidencialidad. A estos efectos adoptar\u00e1 las medidas de seguridad razonables previstas por la ley para evitar su alteraci\u00f3n, p\u00e9rdida o acceso no autorizado.&nbsp;<\/span><\/p>\n<p><span style=\"font-weight: 400;\">7.4. El usuario podr\u00e1 ejercer sus derechos de acceso, rectificaci\u00f3n, cancelaci\u00f3n y oposici\u00f3n de sus datos de car\u00e1cter personal en los t\u00e9rminos establecidos a la legislaci\u00f3n vigente, a trav\u00e9s de <a href=\"mailto:info@zaybureformas.es\" target=\"_blank\" rel=\"noopener\">info@zaybureformas.es<\/a><\/span><\/p>\n<h5><strong>Pol\u00edtica del uso de Cookies.&nbsp;<\/strong><\/h5>\n<p><span style=\"font-weight: 400;\">8.1. Los cookies son ficheros de texto que los servidores que alojan sitios web env\u00edan a los navegadores de sus usuarios. Los cookies no se pueden ejecutar ni pueden contener virus, y s\u00f3lo pueden leerse por el servidor que aloja el sitio web.&nbsp;<\/span><\/p>\n<p><span style=\"font-weight: 400;\">8.2. Este sitio requiere el empleo de [cookies] para su correcto funcionamiento.&nbsp;<\/span><\/p>\t\t\t\t\t\t<\/div>\n\t\t\t\t<\/div>\n\t\t\t\t\t<\/div>\n\t\t<\/div>\n\t\t\t\t\t<\/div>\n\t\t<\/section>\n\t\t\t\t<\/div>","protected":false},"excerpt":{"rendered":"<p>AVISO LEGAL Objeto 1.1. Las presentes condiciones legales regulan el uso y las condiciones de acceso del sitio web www.construccioneszaybu.com de ahora en adelante nombrando como Construcciones zaybu.&nbsp; 1.2. El uso o el acceso a este sitio implica que usted (en adelante [Usuario]) reconoce haber le\u00eddo y comprendido las presentes condiciones legales de uso, y [&hellip;]<\/p>","protected":false},"author":1,"featured_media":0,"parent":0,"menu_order":0,"comment_status":"closed","ping_status":"closed","template":"","meta":{"om_disable_all_campaigns":false,"_monsterinsights_skip_tracking":false,"_monsterinsights_sitenote_active":false,"_monsterinsights_sitenote_note":"","_monsterinsights_sitenote_category":0,"site-sidebar-layout":"no-sidebar","site-content-layout":"page-builder","ast-site-content-layout":"","site-content-style":"default","site-sidebar-style":"default","ast-global-header-display":"","ast-banner-title-visibility":"","ast-main-header-display":"","ast-hfb-above-header-display":"","ast-hfb-below-header-display":"","ast-hfb-mobile-header-display":"","site-post-title":"disabled","ast-breadcrumbs-content":"","ast-featured-img":"disabled","footer-sml-layout":"","theme-transparent-header-meta":"","adv-header-id-meta":"","stick-header-meta":"","header-above-stick-meta":"","header-main-stick-meta":"","header-below-stick-meta":"","astra-migrate-meta-layouts":"default","ast-page-background-enabled":"default","ast-page-background-meta":{"desktop":{"background-color":"","background-image":"","background-repeat":"repeat","background-position":"center center","background-size":"auto","background-attachment":"scroll","background-type":"","background-media":"","overlay-type":"","overlay-color":"","overlay-opacity":"","overlay-gradient":""},"tablet":{"background-color":"","background-image":"","background-repeat":"repeat","background-position":"center center","background-size":"auto","background-attachment":"scroll","background-type":"","background-media":"","overlay-type":"","overlay-color":"","overlay-opacity":"","overlay-gradient":""},"mobile":{"background-color":"","background-image":"","background-repeat":"repeat","background-position":"center center","background-size":"auto","background-attachment":"scroll","background-type":"","background-media":"","overlay-type":"","overlay-color":"","overlay-opacity":"","overlay-gradient":""}},"ast-content-background-meta":{"desktop":{"background-color":"var(--ast-global-color-5)","background-image":"","background-repeat":"repeat","background-position":"center center","background-size":"auto","background-attachment":"scroll","background-type":"","background-media":"","overlay-type":"","overlay-color":"","overlay-opacity":"","overlay-gradient":""},"tablet":{"background-color":"var(--ast-global-color-5)","background-image":"","background-repeat":"repeat","background-position":"center center","background-size":"auto","background-attachment":"scroll","background-type":"","background-media":"","overlay-type":"","overlay-color":"","overlay-opacity":"","overlay-gradient":""},"mobile":{"background-color":"var(--ast-global-color-5)","background-image":"","background-repeat":"repeat","background-position":"center center","background-size":"auto","background-attachment":"scroll","background-type":"","background-media":"","overlay-type":"","overlay-color":"","overlay-opacity":"","overlay-gradient":""}},"footnotes":""},"class_list":["post-1958","page","type-page","status-publish","hentry"],"_links":{"self":[{"href":"https:\/\/construccioneszaybu.com\/en\/wp-json\/wp\/v2\/pages\/1958","targetHints":{"allow":["GET"]}}],"collection":[{"href":"https:\/\/construccioneszaybu.com\/en\/wp-json\/wp\/v2\/pages"}],"about":[{"href":"https:\/\/construccioneszaybu.com\/en\/wp-json\/wp\/v2\/types\/page"}],"author":[{"embeddable":true,"href":"https:\/\/construccioneszaybu.com\/en\/wp-json\/wp\/v2\/users\/1"}],"replies":[{"embeddable":true,"href":"https:\/\/construccioneszaybu.com\/en\/wp-json\/wp\/v2\/comments?post=1958"}],"version-history":[{"count":4,"href":"https:\/\/construccioneszaybu.com\/en\/wp-json\/wp\/v2\/pages\/1958\/revisions"}],"predecessor-version":[{"id":1962,"href":"https:\/\/construccioneszaybu.com\/en\/wp-json\/wp\/v2\/pages\/1958\/revisions\/1962"}],"wp:attachment":[{"href":"https:\/\/construccioneszaybu.com\/en\/wp-json\/wp\/v2\/media?parent=1958"}],"curies":[{"name":"wp","href":"https:\/\/api.w.org\/{rel}","templated":true}]}}